{"id":2002,"date":"2018-12-10T18:05:04","date_gmt":"2018-12-10T18:05:04","guid":{"rendered":"http:\/\/chiro-siegburg.de\/?page_id=2002"},"modified":"2021-11-01T19:34:12","modified_gmt":"2021-11-01T19:34:12","slug":"impressum","status":"publish","type":"page","link":"https:\/\/chiro-siegburg.de\/?page_id=2002","title":{"rendered":"Impressum"},"content":{"rendered":"<section class=\"l-section wpb_row height_medium\"><div class=\"l-section-h i-cf\"><div class=\"g-cols vc_row type_default valign_top\"><div class=\"vc_col-sm-12 wpb_column vc_column_container\"><div class=\"vc_column-inner\"><div class=\"wpb_wrapper\">\r\n\t<div class=\"wpb_text_column \">\r\n\t\t<div class=\"wpb_wrapper\">\r\n\t\t\t<h2><u>Impressum:<\/u><\/h2>\n<p>Name der Praxis:\u00a0Chiro Siegburg<br \/>\nStrasse:\u00a0Lindenstra\u00dfe 137<br \/>\nPLZ \/ Ort:\u00a053721 Siegburg<br \/>\nTelefon: 0152 013 315 66<br \/>\nE-Mail: \u00a0<a href=\"mailto:info@chiro-siegburg.de\">info@chiro-siegburg.de<\/a><\/p>\n<h3><strong><u>\u200b<\/u>Verantwortlich f\u00fcr die Website:<\/strong><\/h3>\n<p>Anna Schwenzfeur<\/p>\n<p><strong>\u200bGesetzliche Berufsbezeichnung:<br \/>\n<\/strong>Heilpraktiker\u00a0(verliehen in der Bundesrepublik Deutschland)<\/p>\n<p><strong>Zust\u00e4ndige Aufsichtsbeh\u00f6rde:<\/strong><br \/>\nGesundheitsamt Hamburg<\/p>\n<p><strong>\u200bTag der amts\u00e4rztlichen \u00dcberpr\u00fcfung:<br \/>\n<\/strong>22.01.2018<\/p>\n<p><strong>\u200bBeh\u00f6rdliche Erlaubnis durch Gesundheitsamt in:<br \/>\n<\/strong>Hamburg<\/p>\n<p><strong>Akademischer Grad:<\/strong><br \/>\nBSc Physiotherapie<\/p>\n<p><strong>Beh\u00f6rde, die den akademischen Grad erteilt hat:<br \/>\n<\/strong>Hochschule Fresenius<\/p>\n<p><strong>Finanzamt:<br \/>\n<\/strong>Finanzamt Siegburg<br \/>\nSteuernummer: 41\/226\/00861<br \/>\nErg\u00e4nzende Angaben<\/p>\n<p><strong>\u200b\u200bBerufsordnung:<br \/>\n<\/strong><a href=\"https:\/\/www.bdh-online.de\/wp-content\/uploads\/2015\/08\/Berufsordnung-Heilpraktiker_2015_210x297_20150814.pdf\">https:\/\/www.bdh-online.de\/wp-content\/uploads\/2015\/08\/Berufsordnung-Heilpraktiker_2015_210x297_20150814.pdf<\/a><\/p>\n<p><strong>\u200bRechtsgrundlage der Heilpraktikert\u00e4tigkeit:<br \/>\n<\/strong><a href=\"http:\/\/www.gesetze-im-internet.de\/heilprgdv_1\/index.html\">http:\/\/www.gesetze-im-internet.de\/heilprgdv_1\/index.html<\/a><\/p>\n<p><strong>Heilpraktikergesetz und Durchf\u00fchrungsverordnung:<br \/>\n<\/strong><a href=\"http:\/\/www.gesetze-im-internet.de\/heilprgdv_1\/index.html\">http:\/\/www.gesetze-im-internet.de\/heilprgdv_1\/index.html<\/a><\/p>\n<p><strong>Gestaltung<br \/>\n<\/strong>Maximilian St\u00e4bler<\/p>\n<p><a href=\"mailto:maximilianstaebler@icloud.com\">maximilianstaebler@icloud.com<\/a><\/p>\n<p>Fotos:<br \/>\n<a href=\"http:\/\/www.unsplash.com\">www.unsplash.com\u200b<\/a><\/p>\n<h3><strong>Disclaimer \/ Haftungsausschlu\u00df<\/strong><\/h3>\n<p>\u200bWir begr\u00fc\u00dfen jeden Interessierten auf unserer Website.\u00a0Wir weisen darauf hin, dass sich diese Website und s\u00e4mtliche Informationen auf der Website nach deutschem Recht richten. Jeder Benutzer, welcher \u00fcber diesen Disclaimer hinweggeht, um auf unseren einzelnen Seiten Zugriff zu nehmen, erkennt mit dem Weiterbl\u00e4ttern der Seite an, dass sich die Beziehung zwischen ihm und uns ausschlie\u00dflich nach deutschem Recht richtet.\u00a0Vorsorglich weisen wir darauf hin, dass die von uns abgegebenen Informationen auf der Website nicht genutzt werden k\u00f6nnen, um Krankheiten oder Leiden selbst zu erkennen und therapieren.\u00a0F\u00fcr die Vollst\u00e4ndigkeit oder Richtigkeit der Informationen auf dieser Website k\u00f6nnen wir keine Garantie \u00fcbernehmen.\u00a0Wir k\u00f6nnen nicht ausschlie\u00dfen, dass unsere Internetseiten auch Informationen durch Dritte aufweisen. F\u00fcr diese Informationen k\u00f6nnen wir keine Haftung \u00fcbernehmen. Dies gilt vor allem auch f\u00fcr Links zu anderen Websites, die wir zwar immer wieder daraufhin \u00fcberpr\u00fcfen, ob sie rechtswidrige Inhalte enthalten, aber keine Gew\u00e4hr daf\u00fcr leisten k\u00f6nnen. Die Inhalte dieser Seiten stellen nicht unsere Meinung dar, die Links werden nur zur Verbesserung der Informationsvielfalt ver\u00f6ffentlicht.\u00a0S\u00e4mtliche Texte und Grafiken auf unseren Webseiten sind urheberrechtlich oder durch sonstige Schutzrechte gesch\u00fctzt. Der Gebrauch oder die Vervielf\u00e4ltigung dieser Grafiken und Texte ist ohne die vorherige schriftliche Genehmigung durch uns nicht gestattet. Insbesondere werden wir es nicht gestatten, dass Produktbezeichnungen, welche grunds\u00e4tzlich Markenschutz genie\u00dfen, von Dritten gebraucht werden.\u00a0Um die Internetseite aktuell halten zu k\u00f6nnen, werden wir selbstverst\u00e4ndlich die Texte gegebenenfalls \u00e4ndern und \/ oder erg\u00e4nzen. Eine Haftung aus dem Inhalt der Internetseiten ergibt sich nicht.<\/p>\n\r\n\t\t<\/div>\r\n\t<\/div>\r\n<\/div><\/div><\/div><\/div><\/div><\/section>\n","protected":false},"excerpt":{"rendered":"Impressum: Name der Praxis:\u00a0Chiro Siegburg Strasse:\u00a0Lindenstra\u00dfe 137 PLZ \/ Ort:\u00a053721 Siegburg Telefon: 0152 013 315 66 E-Mail: \u00a0info@chiro-siegburg.de \u200bVerantwortlich f\u00fcr die Website: Anna Schwenzfeur \u200bGesetzliche Berufsbezeichnung: Heilpraktiker\u00a0(verliehen in der Bundesrepublik Deutschland) Zust\u00e4ndige Aufsichtsbeh\u00f6rde: Gesundheitsamt Hamburg \u200bTag der amts\u00e4rztlichen \u00dcberpr\u00fcfung: 22.01.2018 \u200bBeh\u00f6rdliche Erlaubnis durch Gesundheitsamt in: Hamburg Akademischer Grad: BSc Physiotherapie Beh\u00f6rde, die den akademischen Grad...","protected":false},"author":1,"featured_media":0,"parent":0,"menu_order":0,"comment_status":"closed","ping_status":"closed","template":"","meta":{"footnotes":""},"class_list":["post-2002","page","type-page","status-publish","hentry"],"aioseo_notices":[],"_links":{"self":[{"href":"https:\/\/chiro-siegburg.de\/index.php?rest_route=\/wp\/v2\/pages\/2002","targetHints":{"allow":["GET"]}}],"collection":[{"href":"https:\/\/chiro-siegburg.de\/index.php?rest_route=\/wp\/v2\/pages"}],"about":[{"href":"https:\/\/chiro-siegburg.de\/index.php?rest_route=\/wp\/v2\/types\/page"}],"author":[{"embeddable":true,"href":"https:\/\/chiro-siegburg.de\/index.php?rest_route=\/wp\/v2\/users\/1"}],"replies":[{"embeddable":true,"href":"https:\/\/chiro-siegburg.de\/index.php?rest_route=%2Fwp%2Fv2%2Fcomments&post=2002"}],"version-history":[{"count":3,"href":"https:\/\/chiro-siegburg.de\/index.php?rest_route=\/wp\/v2\/pages\/2002\/revisions"}],"predecessor-version":[{"id":2311,"href":"https:\/\/chiro-siegburg.de\/index.php?rest_route=\/wp\/v2\/pages\/2002\/revisions\/2311"}],"wp:attachment":[{"href":"https:\/\/chiro-siegburg.de\/index.php?rest_route=%2Fwp%2Fv2%2Fmedia&parent=2002"}],"curies":[{"name":"wp","href":"https:\/\/api.w.org\/{rel}","templated":true}]}}